{"id":3732,"date":"2026-03-24T14:48:59","date_gmt":"2026-03-24T14:48:59","guid":{"rendered":"https:\/\/www.miamiskininstitute.com\/?page_id=3732"},"modified":"2026-04-07T15:58:04","modified_gmt":"2026-04-07T15:58:04","slug":"vbeam-pulse-dye-laser","status":"publish","type":"page","link":"https:\/\/www.miamiskininstitute.com\/es\/vbeam-pulse-dye-laser","title":{"rendered":"L\u00e1ser de colorante pulsado VBeam"},"content":{"rendered":"<div data-elementor-type=\"wp-page\" data-elementor-id=\"3732\" class=\"elementor elementor-3732\">\n\t\t\t\t<div class=\"elementor-element elementor-element-4308c82 e-flex e-con-boxed e-con e-parent\" data-id=\"4308c82\" data-element_type=\"container\">\n\t\t\t\t\t<div class=\"e-con-inner\">\n\t\t\t\t<div class=\"elementor-element elementor-element-0ce5e2b elementor-widget__width-initial elementor-widget elementor-widget-heading\" data-id=\"0ce5e2b\" data-element_type=\"widget\" data-widget_type=\"heading.default\">\n\t\t\t\t\t<h2 class=\"elementor-heading-title elementor-size-default\">L\u00e1ser de colorante pulsado VBeam<\/h2>\t\t\t\t<\/div>\n\t\t\t\t\t<\/div>\n\t\t\t\t<\/div>\n\t\t<div class=\"elementor-element elementor-element-2d918849 e-flex e-con-boxed e-con e-parent\" data-id=\"2d918849\" data-element_type=\"container\">\n\t\t\t\t\t<div class=\"e-con-inner\">\n\t\t\t\t<div class=\"elementor-element elementor-element-5a11ba9a elementor-widget elementor-widget-text-editor\" data-id=\"5a11ba9a\" data-element_type=\"widget\" data-widget_type=\"text-editor.default\">\n\t\t\t\t\t\t\t\t\t\t\t\t\t\t\t\t\t<\/div>\n\t\t\t\t\t<\/div>\n\t\t\t\t<\/div>\n\t\t<div class=\"elementor-element elementor-element-cbed9b7 e-flex e-con-boxed e-con e-parent\" data-id=\"cbed9b7\" data-element_type=\"container\">\n\t\t\t\t\t<div class=\"e-con-inner\">\n\t\t\t\t<div class=\"elementor-element elementor-element-0eea2dd elementor-widget elementor-widget-button\" data-id=\"0eea2dd\" data-element_type=\"widget\" data-widget_type=\"button.default\">\n\t\t\t\t\t\t\t\t\t\t<a class=\"elementor-button elementor-button-link elementor-size-sm\" href=\"tel:+13055690067\">\n\t\t\t\t\t\t<span class=\"elementor-button-content-wrapper\">\n\t\t\t\t\t\t\t\t\t<span class=\"elementor-button-text\">Call Us at 305-569-0067!<\/span>\n\t\t\t\t\t<\/span>\n\t\t\t\t\t<\/a>\n\t\t\t\t\t\t\t\t<\/div>\n\t\t\t\t\t<\/div>\n\t\t\t\t<\/div>\n\t\t<div class=\"elementor-element elementor-element-8988551 e-flex e-con-boxed e-con e-parent\" data-id=\"8988551\" data-element_type=\"container\">\n\t\t\t\t\t<div class=\"e-con-inner\">\n\t\t\t\t<div class=\"elementor-element elementor-element-ce1b4a7 elementor-widget__width-initial elementor-widget elementor-widget-text-editor\" data-id=\"ce1b4a7\" data-element_type=\"widget\" data-widget_type=\"text-editor.default\">\n\t\t\t\t\t\t\t\t\t<p>Durante los \u00faltimos 15 a\u00f1os, los estudios han demostrado repetidamente que la tecnolog\u00eda de l\u00e1ser de colorante pulsado es la m\u00e1s efectiva de manera constante para tratar capilares faciales rotos de todos los tama\u00f1os.<\/p>\n<p>We can also treat generalized facial redness caused by skin conditions such as rosacea, and even chronic redness on the face, neck, and chest caused by\u00a0years of sun exposure.<\/p>\n<p>Lo mejor de todo es que los avances tecnol\u00f3gicos recientes con este l\u00e1ser nos permiten lograr todos estos resultados sin necesidad de moretones, eliminando casi por completo el tiempo de recuperaci\u00f3n. Con su amplio conocimiento de la anatom\u00eda de la piel, la Dra. Jegasothy puede localizar con precisi\u00f3n la profundidad de tus capilares y, por lo tanto, ajustar finamente la configuraci\u00f3n del l\u00e1ser durante tu tratamiento para garantizar los mejores resultados con menos sesiones.<\/p>\t\t\t\t\t\t\t\t<\/div>\n\t\t<div class=\"elementor-element elementor-element-526ae9b e-grid e-con-full e-con e-child\" data-id=\"526ae9b\" data-element_type=\"container\">\n\t\t\t\t<div class=\"elementor-element elementor-element-c74814a elementor-widget elementor-widget-text-editor\" data-id=\"c74814a\" data-element_type=\"widget\" data-widget_type=\"text-editor.default\">\n\t\t\t\t\t\t\t\t\t<div class=\"wp-block-column\">\n<div class=\"vbeam-page-images\"><div id=\"twenty20-1\" class=\"twenty20\" style=\"width: 100% !important; clear: both;\"><div class=\"twentytwenty-container twenty20-1\"><img data-recalc-dims=\"1\" decoding=\"async\" src=\"https:\/\/i0.wp.com\/www.miamiskininstitute.com\/wp-content\/uploads\/2022\/01\/vbeam_before_and_after-e1643223507932.png?ssl=1\" alt=\"Before image\" \/><img data-recalc-dims=\"1\" decoding=\"async\" src=\"https:\/\/i0.wp.com\/www.miamiskininstitute.com\/wp-content\/uploads\/2022\/01\/vbeam_before_and_after-e1580240797177-1-e1643223554763.png?ssl=1\" alt=\"After image\" \/><\/div><\/div><\/div>\n<\/div>\t\t\t\t\t\t\t\t<\/div>\n\t\t\t\t<div class=\"elementor-element elementor-element-84a1921 elementor-widget elementor-widget-text-editor\" data-id=\"84a1921\" data-element_type=\"widget\" data-widget_type=\"text-editor.default\">\n\t\t\t\t\t\t\t\t\t<p><div id=\"twenty20-2\" class=\"twenty20\" style=\"width: 100% !important; clear: both;\"><div class=\"twentytwenty-container twenty20-2\"><img data-recalc-dims=\"1\" decoding=\"async\" src=\"https:\/\/i0.wp.com\/www.miamiskininstitute.com\/wp-content\/uploads\/2022\/01\/vbeam-face-e1643223678195.png?ssl=1\" alt=\"VBeam\u00aelaser for improved complexion - Before\" \/><img data-recalc-dims=\"1\" decoding=\"async\" src=\"https:\/\/i0.wp.com\/www.miamiskininstitute.com\/wp-content\/uploads\/2022\/01\/vbeam-face-1-e1643223734490.png?ssl=1\" alt=\"VBeam\u00aelaser for improved complexion - After\" \/><\/div><\/div><\/p>\t\t\t\t\t\t\t\t<\/div>\n\t\t\t\t<\/div>\n\t\t\t\t\t<\/div>\n\t\t\t\t<\/div>\n\t\t<div class=\"elementor-element elementor-element-1446ac3 e-flex e-con-boxed e-con e-parent\" data-id=\"1446ac3\" data-element_type=\"container\">\n\t\t\t\t\t<div class=\"e-con-inner\">\n\t\t\t\t<div class=\"elementor-element elementor-element-13859c7 elementor-widget elementor-widget-button\" data-id=\"13859c7\" data-element_type=\"widget\" data-widget_type=\"button.default\">\n\t\t\t\t\t\t\t\t\t\t<a class=\"elementor-button elementor-button-link elementor-size-sm\" href=\"tel:+13055690067\">\n\t\t\t\t\t\t<span class=\"elementor-button-content-wrapper\">\n\t\t\t\t\t\t\t\t\t<span class=\"elementor-button-text\">Call Us at 305-569-0067!<\/span>\n\t\t\t\t\t<\/span>\n\t\t\t\t\t<\/a>\n\t\t\t\t\t\t\t\t<\/div>\n\t\t\t\t\t<\/div>\n\t\t\t\t<\/div>\n\t\t<div class=\"elementor-element elementor-element-cd831b8 e-flex e-con-boxed e-con e-parent\" data-id=\"cd831b8\" data-element_type=\"container\">\n\t\t\t\t\t<div class=\"e-con-inner\">\n\t\t\t\t\t<\/div>\n\t\t\t\t<\/div>\n\t\t\t\t<\/div>","protected":false},"excerpt":{"rendered":"<p>VBeam\u00ae Pulse-Dye Laser Call Us at 305-569-0067! For the past 15 years, studies have repeatedly shown that pulse-dye technology is [&hellip;]<\/p>","protected":false},"author":1,"featured_media":0,"parent":0,"menu_order":0,"comment_status":"closed","ping_status":"closed","template":"","meta":{"site-sidebar-layout":"default","site-content-layout":"","ast-site-content-layout":"default","site-content-style":"default","site-sidebar-style":"default","ast-global-header-display":"","ast-banner-title-visibility":"","ast-main-header-display":"","ast-hfb-above-header-display":"","ast-hfb-below-header-display":"","ast-hfb-mobile-header-display":"","site-post-title":"","ast-breadcrumbs-content":"","ast-featured-img":"","footer-sml-layout":"","theme-transparent-header-meta":"","adv-header-id-meta":"","stick-header-meta":"","header-above-stick-meta":"","header-main-stick-meta":"","header-below-stick-meta":"","astra-migrate-meta-layouts":"default","ast-page-background-enabled":"default","ast-page-background-meta":{"desktop":{"background-color":"var(--ast-global-color-5)","background-image":"","background-repeat":"repeat","background-position":"center center","background-size":"auto","background-attachment":"scroll","background-type":"","background-media":"","overlay-type":"","overlay-color":"","overlay-opacity":"","overlay-gradient":""},"tablet":{"background-color":"","background-image":"","background-repeat":"repeat","background-position":"center center","background-size":"auto","background-attachment":"scroll","background-type":"","background-media":"","overlay-type":"","overlay-color":"","overlay-opacity":"","overlay-gradient":""},"mobile":{"background-color":"","background-image":"","background-repeat":"repeat","background-position":"center center","background-size":"auto","background-attachment":"scroll","background-type":"","background-media":"","overlay-type":"","overlay-color":"","overlay-opacity":"","overlay-gradient":""}},"ast-content-background-meta":{"desktop":{"background-color":"var(--ast-global-color-4)","background-image":"","background-repeat":"repeat","background-position":"center center","background-size":"auto","background-attachment":"scroll","background-type":"","background-media":"","overlay-type":"","overlay-color":"","overlay-opacity":"","overlay-gradient":""},"tablet":{"background-color":"var(--ast-global-color-4)","background-image":"","background-repeat":"repeat","background-position":"center center","background-size":"auto","background-attachment":"scroll","background-type":"","background-media":"","overlay-type":"","overlay-color":"","overlay-opacity":"","overlay-gradient":""},"mobile":{"background-color":"var(--ast-global-color-4)","background-image":"","background-repeat":"repeat","background-position":"center center","background-size":"auto","background-attachment":"scroll","background-type":"","background-media":"","overlay-type":"","overlay-color":"","overlay-opacity":"","overlay-gradient":""}},"footnotes":""},"class_list":["post-3732","page","type-page","status-publish","hentry"],"yoast_head":"<!-- This site is optimized with the Yoast SEO plugin v27.5 - https:\/\/yoast.com\/product\/yoast-seo-wordpress\/ -->\n<title>VBeam\u00ae Pulse-Dye Laser -<\/title>\n<meta name=\"robots\" content=\"index, follow, max-snippet:-1, max-image-preview:large, max-video-preview:-1\" \/>\n<link rel=\"canonical\" href=\"https:\/\/www.miamiskininstitute.com\/es\/vbeam-pulse-dye-laser\/\" \/>\n<meta property=\"og:locale\" content=\"es_ES\" \/>\n<meta property=\"og:type\" content=\"article\" \/>\n<meta property=\"og:title\" content=\"VBeam\u00ae Pulse-Dye Laser -\" \/>\n<meta property=\"og:description\" content=\"VBeam\u00ae Pulse-Dye Laser Call Us at 305-569-0067! For the past 15 years, studies have repeatedly shown that pulse-dye technology is [&hellip;]\" \/>\n<meta property=\"og:url\" content=\"https:\/\/www.miamiskininstitute.com\/es\/vbeam-pulse-dye-laser\/\" \/>\n<meta property=\"article:publisher\" content=\"https:\/\/business.facebook.com\/Miami-Skin-Institute-285632787294\/?business_id=10153432453992295\" \/>\n<meta property=\"article:modified_time\" content=\"2026-04-07T15:58:04+00:00\" \/>\n<meta property=\"og:image\" content=\"https:\/\/i0.wp.com\/www.miamiskininstitute.com\/wp-content\/uploads\/2019\/02\/AdobeStock_107107696-e1549900054627.jpeg?fit=2600%2C974&ssl=1\" \/>\n\t<meta property=\"og:image:width\" content=\"2600\" \/>\n\t<meta property=\"og:image:height\" content=\"974\" \/>\n\t<meta property=\"og:image:type\" content=\"image\/jpeg\" \/>\n<meta name=\"twitter:card\" content=\"summary_large_image\" \/>\n<meta name=\"twitter:site\" content=\"@MiamiSkinIns\" \/>\n<meta name=\"twitter:label1\" content=\"Tiempo de lectura\" \/>\n\t<meta name=\"twitter:data1\" content=\"2 minutos\" \/>\n<script type=\"application\/ld+json\" class=\"yoast-schema-graph\">{\"@context\":\"https:\\\/\\\/schema.org\",\"@graph\":[{\"@type\":[\"WebPage\",\"MedicalWebPage\"],\"@id\":\"https:\\\/\\\/www.miamiskininstitute.com\\\/vbeam-pulse-dye-laser\",\"url\":\"https:\\\/\\\/www.miamiskininstitute.com\\\/vbeam-pulse-dye-laser\",\"name\":\"VBeam\u00ae Pulse-Dye Laser -\",\"isPartOf\":{\"@id\":\"https:\\\/\\\/www.miamiskininstitute.com\\\/#website\"},\"datePublished\":\"2026-03-24T14:48:59+00:00\",\"dateModified\":\"2026-04-07T15:58:04+00:00\",\"breadcrumb\":{\"@id\":\"https:\\\/\\\/www.miamiskininstitute.com\\\/vbeam-pulse-dye-laser#breadcrumb\"},\"inLanguage\":\"es-CO\",\"potentialAction\":[{\"@type\":\"ReadAction\",\"target\":[\"https:\\\/\\\/www.miamiskininstitute.com\\\/vbeam-pulse-dye-laser\"]}]},{\"@type\":\"BreadcrumbList\",\"@id\":\"https:\\\/\\\/www.miamiskininstitute.com\\\/vbeam-pulse-dye-laser#breadcrumb\",\"itemListElement\":[{\"@type\":\"ListItem\",\"position\":1,\"name\":\"Home\",\"item\":\"https:\\\/\\\/www.miamiskininstitute.com\\\/\"},{\"@type\":\"ListItem\",\"position\":2,\"name\":\"VBeam\u00ae Pulse-Dye Laser\"}]},{\"@type\":\"WebSite\",\"@id\":\"https:\\\/\\\/www.miamiskininstitute.com\\\/#website\",\"url\":\"https:\\\/\\\/www.miamiskininstitute.com\\\/\",\"name\":\"\",\"description\":\"Cosmetic Dermatologist\",\"publisher\":{\"@id\":\"https:\\\/\\\/www.miamiskininstitute.com\\\/#organization\"},\"potentialAction\":[{\"@type\":\"SearchAction\",\"target\":{\"@type\":\"EntryPoint\",\"urlTemplate\":\"https:\\\/\\\/www.miamiskininstitute.com\\\/?s={search_term_string}\"},\"query-input\":{\"@type\":\"PropertyValueSpecification\",\"valueRequired\":true,\"valueName\":\"search_term_string\"}}],\"inLanguage\":\"es-CO\"},{\"@type\":\"Organization\",\"@id\":\"https:\\\/\\\/www.miamiskininstitute.com\\\/#organization\",\"name\":\"Miami Skin Institute\",\"url\":\"https:\\\/\\\/www.miamiskininstitute.com\\\/\",\"logo\":{\"@type\":\"ImageObject\",\"inLanguage\":\"es-CO\",\"@id\":\"https:\\\/\\\/www.miamiskininstitute.com\\\/#\\\/schema\\\/logo\\\/image\\\/\",\"url\":\"https:\\\/\\\/miamiskininstitute.com\\\/wp-content\\\/uploads\\\/2017\\\/12\\\/msi-logo-large-transparent-smaller-e1535557693623.png\",\"contentUrl\":\"https:\\\/\\\/miamiskininstitute.com\\\/wp-content\\\/uploads\\\/2017\\\/12\\\/msi-logo-large-transparent-smaller-e1535557693623.png\",\"width\":200,\"height\":116,\"caption\":\"Miami Skin Institute\"},\"image\":{\"@id\":\"https:\\\/\\\/www.miamiskininstitute.com\\\/#\\\/schema\\\/logo\\\/image\\\/\"},\"sameAs\":[\"https:\\\/\\\/business.facebook.com\\\/Miami-Skin-Institute-285632787294\\\/?business_id=10153432453992295\",\"https:\\\/\\\/x.com\\\/MiamiSkinIns\",\"https:\\\/\\\/www.instagram.com\\\/miamiskininstitute\\\/\",\"https:\\\/\\\/www.linkedin.com\\\/in\\\/manjulajegasothymd\\\/\",\"https:\\\/\\\/www.pinterest.com\\\/miamiskinins\",\"https:\\\/\\\/www.youtube.com\\\/channel\\\/UCUciHHfcB3hwvD5LpUB0iog\"]}]}<\/script>\n<!-- \/ Yoast SEO plugin. -->","yoast_head_json":{"title":"VBeam\u00ae Pulse-Dye Laser -","robots":{"index":"index","follow":"follow","max-snippet":"max-snippet:-1","max-image-preview":"max-image-preview:large","max-video-preview":"max-video-preview:-1"},"canonical":"https:\/\/www.miamiskininstitute.com\/es\/vbeam-pulse-dye-laser\/","og_locale":"es_ES","og_type":"article","og_title":"VBeam\u00ae Pulse-Dye Laser -","og_description":"VBeam\u00ae Pulse-Dye Laser Call Us at 305-569-0067! For the past 15 years, studies have repeatedly shown that pulse-dye technology is [&hellip;]","og_url":"https:\/\/www.miamiskininstitute.com\/es\/vbeam-pulse-dye-laser\/","article_publisher":"https:\/\/business.facebook.com\/Miami-Skin-Institute-285632787294\/?business_id=10153432453992295","article_modified_time":"2026-04-07T15:58:04+00:00","og_image":[{"width":2600,"height":974,"url":"https:\/\/i0.wp.com\/www.miamiskininstitute.com\/wp-content\/uploads\/2019\/02\/AdobeStock_107107696-e1549900054627.jpeg?fit=2600%2C974&ssl=1","type":"image\/jpeg"}],"twitter_card":"summary_large_image","twitter_site":"@MiamiSkinIns","twitter_misc":{"Tiempo de lectura":"2 minutos"},"schema":{"@context":"https:\/\/schema.org","@graph":[{"@type":["WebPage","MedicalWebPage"],"@id":"https:\/\/www.miamiskininstitute.com\/vbeam-pulse-dye-laser","url":"https:\/\/www.miamiskininstitute.com\/vbeam-pulse-dye-laser","name":"VBeam\u00ae Pulse-Dye Laser -","isPartOf":{"@id":"https:\/\/www.miamiskininstitute.com\/#website"},"datePublished":"2026-03-24T14:48:59+00:00","dateModified":"2026-04-07T15:58:04+00:00","breadcrumb":{"@id":"https:\/\/www.miamiskininstitute.com\/vbeam-pulse-dye-laser#breadcrumb"},"inLanguage":"es-CO","potentialAction":[{"@type":"ReadAction","target":["https:\/\/www.miamiskininstitute.com\/vbeam-pulse-dye-laser"]}]},{"@type":"BreadcrumbList","@id":"https:\/\/www.miamiskininstitute.com\/vbeam-pulse-dye-laser#breadcrumb","itemListElement":[{"@type":"ListItem","position":1,"name":"Home","item":"https:\/\/www.miamiskininstitute.com\/"},{"@type":"ListItem","position":2,"name":"VBeam\u00ae Pulse-Dye Laser"}]},{"@type":"WebSite","@id":"https:\/\/www.miamiskininstitute.com\/#website","url":"https:\/\/www.miamiskininstitute.com\/","name":"","description":"Cosmetic Dermatologist","publisher":{"@id":"https:\/\/www.miamiskininstitute.com\/#organization"},"potentialAction":[{"@type":"SearchAction","target":{"@type":"EntryPoint","urlTemplate":"https:\/\/www.miamiskininstitute.com\/?s={search_term_string}"},"query-input":{"@type":"PropertyValueSpecification","valueRequired":true,"valueName":"search_term_string"}}],"inLanguage":"es-CO"},{"@type":"Organization","@id":"https:\/\/www.miamiskininstitute.com\/#organization","name":"Miami Skin Institute","url":"https:\/\/www.miamiskininstitute.com\/","logo":{"@type":"ImageObject","inLanguage":"es-CO","@id":"https:\/\/www.miamiskininstitute.com\/#\/schema\/logo\/image\/","url":"https:\/\/miamiskininstitute.com\/wp-content\/uploads\/2017\/12\/msi-logo-large-transparent-smaller-e1535557693623.png","contentUrl":"https:\/\/miamiskininstitute.com\/wp-content\/uploads\/2017\/12\/msi-logo-large-transparent-smaller-e1535557693623.png","width":200,"height":116,"caption":"Miami Skin Institute"},"image":{"@id":"https:\/\/www.miamiskininstitute.com\/#\/schema\/logo\/image\/"},"sameAs":["https:\/\/business.facebook.com\/Miami-Skin-Institute-285632787294\/?business_id=10153432453992295","https:\/\/x.com\/MiamiSkinIns","https:\/\/www.instagram.com\/miamiskininstitute\/","https:\/\/www.linkedin.com\/in\/manjulajegasothymd\/","https:\/\/www.pinterest.com\/miamiskinins","https:\/\/www.youtube.com\/channel\/UCUciHHfcB3hwvD5LpUB0iog"]}]}},"jetpack_sharing_enabled":true,"_links":{"self":[{"href":"https:\/\/www.miamiskininstitute.com\/es\/wp-json\/wp\/v2\/pages\/3732","targetHints":{"allow":["GET"]}}],"collection":[{"href":"https:\/\/www.miamiskininstitute.com\/es\/wp-json\/wp\/v2\/pages"}],"about":[{"href":"https:\/\/www.miamiskininstitute.com\/es\/wp-json\/wp\/v2\/types\/page"}],"author":[{"embeddable":true,"href":"https:\/\/www.miamiskininstitute.com\/es\/wp-json\/wp\/v2\/users\/1"}],"replies":[{"embeddable":true,"href":"https:\/\/www.miamiskininstitute.com\/es\/wp-json\/wp\/v2\/comments?post=3732"}],"version-history":[{"count":0,"href":"https:\/\/www.miamiskininstitute.com\/es\/wp-json\/wp\/v2\/pages\/3732\/revisions"}],"wp:attachment":[{"href":"https:\/\/www.miamiskininstitute.com\/es\/wp-json\/wp\/v2\/media?parent=3732"}],"curies":[{"name":"wp","href":"https:\/\/api.w.org\/{rel}","templated":true}]}}