{"id":3720,"date":"2026-03-24T14:41:54","date_gmt":"2026-03-24T14:41:54","guid":{"rendered":"https:\/\/www.miamiskininstitute.com\/?page_id=3720"},"modified":"2026-03-24T15:43:00","modified_gmt":"2026-03-24T15:43:00","slug":"fraxel-clear-brilliant","status":"publish","type":"page","link":"https:\/\/www.miamiskininstitute.com\/es\/fraxel-clear-brilliant","title":{"rendered":"Fraxel OLD TEMP\u00ae Clear + Brilliant\u00ae"},"content":{"rendered":"<div data-elementor-type=\"wp-page\" data-elementor-id=\"3720\" class=\"elementor elementor-3720\">\n\t\t\t\t<div class=\"elementor-element elementor-element-dc8a3d8 e-flex e-con-boxed e-con e-parent\" data-id=\"dc8a3d8\" data-element_type=\"container\">\n\t\t\t\t\t<div class=\"e-con-inner\">\n\t\t\t\t<div class=\"elementor-element elementor-element-b2485d3 elementor-widget elementor-widget-button\" data-id=\"b2485d3\" data-element_type=\"widget\" data-widget_type=\"button.default\">\n\t\t\t\t\t\t\t\t\t\t<a class=\"elementor-button elementor-button-link elementor-size-sm\" href=\"tel:+13055690067\">\n\t\t\t\t\t\t<span class=\"elementor-button-content-wrapper\">\n\t\t\t\t\t\t\t\t\t<span class=\"elementor-button-text\">Call Us at 305-569-0067!<\/span>\n\t\t\t\t\t<\/span>\n\t\t\t\t\t<\/a>\n\t\t\t\t\t\t\t\t<\/div>\n\t\t\t\t\t<\/div>\n\t\t\t\t<\/div>\n\t\t<div class=\"elementor-element elementor-element-f70d2f3 e-grid e-con-boxed e-con e-parent\" data-id=\"f70d2f3\" data-element_type=\"container\">\n\t\t\t\t\t<div class=\"e-con-inner\">\n\t\t<div class=\"elementor-element elementor-element-f45314d e-con-full e-flex e-con e-child\" data-id=\"f45314d\" data-element_type=\"container\">\n\t\t\t\t<div class=\"elementor-element elementor-element-57c5a32 elementor-widget elementor-widget-text-editor\" data-id=\"57c5a32\" data-element_type=\"widget\" data-widget_type=\"text-editor.default\">\n\t\t\t\t\t\t\t\t\t<div class=\"wp-block-columns\">\n<div class=\"wp-block-column\">\n<div id=\"fraxel-page-image-1\" class=\"procedure-page-images\"><div id=\"twenty20-1\" class=\"twenty20\" style=\"width: 100% !important; clear: both;\"><div class=\"twentytwenty-container twenty20-1\"><img data-recalc-dims=\"1\" decoding=\"async\" src=\"https:\/\/i0.wp.com\/www.miamiskininstitute.com\/wp-content\/uploads\/2022\/02\/fraxel-for-brown-scars-Copy-e1644951831969.jpg?ssl=1\" alt=\"Before Fraxel for Brown Scars\" \/><img data-recalc-dims=\"1\" decoding=\"async\" src=\"https:\/\/i0.wp.com\/www.miamiskininstitute.com\/wp-content\/uploads\/2022\/02\/fraxel-for-brown-scars-e1644951862191.jpg?ssl=1\" alt=\"After Fraxel for Brown Scars\" \/><\/div><\/div><\/div>\n<p>\u00a0<\/p>\n<\/div>\n<\/div>\t\t\t\t\t\t\t\t<\/div>\n\t\t\t\t<div class=\"elementor-element elementor-element-0f31ada elementor-widget elementor-widget-text-editor\" data-id=\"0f31ada\" data-element_type=\"widget\" data-widget_type=\"text-editor.default\">\n\t\t\t\t\t\t\t\t\t<div class=\"wp-block-columns\">\n<div class=\"wp-block-column\">\n<div id=\"fraxel-page-image-1\" class=\"procedure-page-images\"><span style=\"font-size: 16px;\"><div id=\"twenty20-2\" class=\"twenty20\" style=\"width: 100% !important; clear: both;\"><div class=\"twentytwenty-container twenty20-2\"><img data-recalc-dims=\"1\" decoding=\"async\" src=\"https:\/\/i0.wp.com\/www.miamiskininstitute.com\/wp-content\/uploads\/2022\/02\/Fraxel-for-Knees-e1644952266811.jpg?ssl=1\" alt=\"Before Fraxel for Knees\" \/><img data-recalc-dims=\"1\" decoding=\"async\" src=\"https:\/\/i0.wp.com\/www.miamiskininstitute.com\/wp-content\/uploads\/2022\/02\/Fraxel-for-Knees-Copy-e1644952283266.jpg?ssl=1\" alt=\"After Fraxel for Knees\" \/><\/div><\/div><\/span><\/div>\n<\/div>\n<\/div>\n<div class=\"wp-block-columns\">\n<div class=\"wp-block-column\">\n<p>\u00a0<\/p>\n<\/div>\n<\/div>\t\t\t\t\t\t\t\t<\/div>\n\t\t\t\t<div class=\"elementor-element elementor-element-d1cc144 elementor-widget elementor-widget-text-editor\" data-id=\"d1cc144\" data-element_type=\"widget\" data-widget_type=\"text-editor.default\">\n\t\t\t\t\t\t\t\t\t<div class=\"wp-block-columns\">\n<div class=\"wp-block-column\">\u00a0<div id=\"twenty20-3\" class=\"twenty20\" style=\"width: 100% !important; clear: both;\"><div class=\"twentytwenty-container twenty20-3\"><img data-recalc-dims=\"1\" decoding=\"async\" src=\"https:\/\/i0.wp.com\/www.miamiskininstitute.com\/wp-content\/uploads\/2022\/02\/Fraxel_Viora_Eyelids_Before_and_After-2-Copy-e1644952337616.png?ssl=1\" alt=\"Before Fraxel Eyelids\" \/><img data-recalc-dims=\"1\" decoding=\"async\" src=\"https:\/\/i0.wp.com\/www.miamiskininstitute.com\/wp-content\/uploads\/2022\/02\/Fraxel_Viora_Eyelids_Before_and_After-2-e1644952355127.png?ssl=1\" alt=\"After Fraxel Eyelids\" \/><\/div><\/div><\/div>\n<\/div>\t\t\t\t\t\t\t\t<\/div>\n\t\t\t\t<div class=\"elementor-element elementor-element-7c8d2f7 elementor-widget elementor-widget-text-editor\" data-id=\"7c8d2f7\" data-element_type=\"widget\" data-widget_type=\"text-editor.default\">\n\t\t\t\t\t\t\t\t\t<div class=\"wp-block-columns\">\n<div class=\"wp-block-column\">\n<p><span style=\"font-size: 16px;\"><div id=\"twenty20-4\" class=\"twenty20\" style=\"width: 100% !important; clear: both;\"><div class=\"twentytwenty-container twenty20-4\"><img data-recalc-dims=\"1\" decoding=\"async\" src=\"https:\/\/i0.wp.com\/www.miamiskininstitute.com\/wp-content\/uploads\/2022\/02\/fraxel-for-acne-scars-e1645733027244.jpg?ssl=1\" alt=\"Pre Fraxel for Acne Scars\" \/><img data-recalc-dims=\"1\" decoding=\"async\" src=\"https:\/\/i0.wp.com\/www.miamiskininstitute.com\/wp-content\/uploads\/2022\/02\/fraxel-for-acne-scars-Copy-e1645733029284.jpg?ssl=1\" alt=\"Post Fraxel for Acne Scars\" \/><\/div><\/div><\/span><\/p>\n<\/div>\n<\/div>\t\t\t\t\t\t\t\t<\/div>\n\t\t\t\t<\/div>\n\t\t<div class=\"elementor-element elementor-element-a25cc60 e-con-full e-flex e-con e-child\" data-id=\"a25cc60\" data-element_type=\"container\">\n\t\t\t\t<div class=\"elementor-element elementor-element-b3e0d55 elementor-widget elementor-widget-heading\" data-id=\"b3e0d55\" data-element_type=\"widget\" data-widget_type=\"heading.default\">\n\t\t\t\t\t<h2 class=\"elementor-heading-title elementor-size-default\">L\u00e1ser fraccionado Fraxel\u00ae Clear + Brilliant\u00ae<\/h2>\t\t\t\t<\/div>\n\t\t\t\t<div class=\"elementor-element elementor-element-9928113 elementor-widget elementor-widget-text-editor\" data-id=\"9928113\" data-element_type=\"widget\" data-widget_type=\"text-editor.default\">\n\t\t\t\t\t\t\t\t\t<p>La Dra. Jegasothy ha encontrado una forma de revitalizar la piel y restaurar ese brillo fresco y juvenil utilizando el Fraxel<sup>\u00ae<\/sup>\u00a0laser.<\/p>\n<h3 id=\"what-it-does\">\u00bfQu\u00e9 hace?<\/h3>\n<p>El l\u00e1ser produce miles de zonas microsc\u00f3picas peque\u00f1as pero profundas, o \u201cagujeros perforados\u201d de columnas l\u00e1ser invisibles al ojo desnudo, que apuntan a la piel con imperfecciones. Solo requiere anestesia t\u00f3pica, y el Fraxel<sup>\u00ae<\/sup>\u00a0El l\u00e1ser de rejuvenecimiento penetra profundamente en la dermis, tratando aproximadamente entre el 15 % y el 20 % de la piel en cada sesi\u00f3n, mientras deja el tejido circundante intacto y sin afectar. Esto permite que el cuerpo genere tejido nuevo, m\u00e1s saludable y firme.<\/p>\n<h3 id=\"what-it-s-used-for\">\u00bfPara qu\u00e9 se utiliza?<\/h3>\n<p>Fraxel<sup>\u00ae<\/sup>\u00a0Puede tratar arrugas finas, ojeras oscuras, estr\u00edas, cicatrices y poros dilatados. Se puede usar para mejorar irregularidades en la textura de la piel en cualquier parte del cuerpo, pero tambi\u00e9n es lo suficientemente suave para aplicarse de manera segura en \u00e1reas delicadas como los ojos, cuello, pecho y manos.<\/p>\n<h3 id=\"dr-j-s-low-dose-fraxel\">Fraxel \u201cde baja dosis\u201d de la Dra. J<sup>\u00ae<\/sup><\/h3>\n<p>La Dra. Jegasothy ha perfeccionado el Fraxel \u201cde baja dosis\u201d<sup>\u00ae<\/sup>\u00a0rejuvenecimiento l\u00e1ser del \u00e1rea delicada de los ojos. Puede utilizarse para tensar la piel de los p\u00e1rpados, aclarar las ojeras y mejorar las l\u00edneas finas bajo los ojos. Este es un m\u00e9todo de tratamiento que ning\u00fan otro procedimiento no invasivo puede mejorar.<\/p>\n<p>Con un tiempo de recuperaci\u00f3n m\u00ednimo, el Fraxel<sup>\u00ae<\/sup>\u00a0para el rejuvenecimiento de los ojos se ha convertido en el procedimiento l\u00e1ser cosm\u00e9tico de m\u00e1s r\u00e1pido crecimiento en nuestros\u00a0<strong><em>jovenes\u00a0<\/em><\/strong>pacientes en el\u00a0<a href=\"https:\/\/www.miamiskininstitute.com\/es\/\">Miami Skin Institute<\/a>.<\/p>\n<h3 id=\"fraxel-recovery\">Fraxel<sup>\u00ae<\/sup>\u00a0Recuperaci\u00f3n.<\/h3>\n<p>Fraxel<sup>\u00ae<\/sup>\u00a0El tratamiento l\u00e1ser ofrece los beneficios del rejuvenecimiento l\u00e1ser sin el tiempo de inactividad y el per\u00edodo de recuperaci\u00f3n asociados con los l\u00e1seres de rejuvenecimiento tradicionales. Preg\u00fantanos sobre Fraxel<sup>\u00ae<\/sup>\u00a0si no est\u00e1s satisfecha con la apariencia del \u00e1rea de tus ojos u otra zona en tu pr\u00f3xima visita a la cl\u00ednica, o\u00a0<a href=\"https:\/\/www.miamiskininstitute.com\/es\/best-cosmetic-dermatologist-office\/\">ll\u00e1manos hoy.<\/a>.<\/p>\t\t\t\t\t\t\t\t<\/div>\n\t\t\t\t<\/div>\n\t\t\t\t<div class=\"elementor-element elementor-element-dd9636a elementor-widget elementor-widget-button\" data-id=\"dd9636a\" data-element_type=\"widget\" data-widget_type=\"button.default\">\n\t\t\t\t\t\t\t\t\t\t<a class=\"elementor-button elementor-button-link elementor-size-sm\" href=\"tel:+13055690067\">\n\t\t\t\t\t\t<span class=\"elementor-button-content-wrapper\">\n\t\t\t\t\t\t\t\t\t<span class=\"elementor-button-text\">Call Us at 305-569-0067!<\/span>\n\t\t\t\t\t<\/span>\n\t\t\t\t\t<\/a>\n\t\t\t\t\t\t\t\t<\/div>\n\t\t\t\t\t<\/div>\n\t\t\t\t<\/div>\n\t\t\t\t<\/div>","protected":false},"excerpt":{"rendered":"<p>Call Us at 305-569-0067! \u00a0 \u00a0 \u00a0 Fraxel\u00ae Clear + Brilliant\u00ae Fractionated Laser Dr. Jegasothy has found a way to [&hellip;]<\/p>","protected":false},"author":1,"featured_media":0,"parent":0,"menu_order":0,"comment_status":"closed","ping_status":"closed","template":"","meta":{"site-sidebar-layout":"default","site-content-layout":"","ast-site-content-layout":"default","site-content-style":"default","site-sidebar-style":"default","ast-global-header-display":"","ast-banner-title-visibility":"","ast-main-header-display":"","ast-hfb-above-header-display":"","ast-hfb-below-header-display":"","ast-hfb-mobile-header-display":"","site-post-title":"","ast-breadcrumbs-content":"","ast-featured-img":"","footer-sml-layout":"","theme-transparent-header-meta":"","adv-header-id-meta":"","stick-header-meta":"","header-above-stick-meta":"","header-main-stick-meta":"","header-below-stick-meta":"","astra-migrate-meta-layouts":"default","ast-page-background-enabled":"default","ast-page-background-meta":{"desktop":{"background-color":"var(--ast-global-color-5)","background-image":"","background-repeat":"repeat","background-position":"center center","background-size":"auto","background-attachment":"scroll","background-type":"","background-media":"","overlay-type":"","overlay-color":"","overlay-opacity":"","overlay-gradient":""},"tablet":{"background-color":"","background-image":"","background-repeat":"repeat","background-position":"center center","background-size":"auto","background-attachment":"scroll","background-type":"","background-media":"","overlay-type":"","overlay-color":"","overlay-opacity":"","overlay-gradient":""},"mobile":{"background-color":"","background-image":"","background-repeat":"repeat","background-position":"center center","background-size":"auto","background-attachment":"scroll","background-type":"","background-media":"","overlay-type":"","overlay-color":"","overlay-opacity":"","overlay-gradient":""}},"ast-content-background-meta":{"desktop":{"background-color":"var(--ast-global-color-4)","background-image":"","background-repeat":"repeat","background-position":"center center","background-size":"auto","background-attachment":"scroll","background-type":"","background-media":"","overlay-type":"","overlay-color":"","overlay-opacity":"","overlay-gradient":""},"tablet":{"background-color":"var(--ast-global-color-4)","background-image":"","background-repeat":"repeat","background-position":"center center","background-size":"auto","background-attachment":"scroll","background-type":"","background-media":"","overlay-type":"","overlay-color":"","overlay-opacity":"","overlay-gradient":""},"mobile":{"background-color":"var(--ast-global-color-4)","background-image":"","background-repeat":"repeat","background-position":"center center","background-size":"auto","background-attachment":"scroll","background-type":"","background-media":"","overlay-type":"","overlay-color":"","overlay-opacity":"","overlay-gradient":""}},"footnotes":""},"class_list":["post-3720","page","type-page","status-publish","hentry"],"yoast_head":"<!-- This site is optimized with the Yoast SEO plugin v27.3 - https:\/\/yoast.com\/product\/yoast-seo-wordpress\/ -->\n<title>Fraxel OLD TEMP\u00ae Clear + Brilliant\u00ae -<\/title>\n<meta name=\"robots\" content=\"index, follow, max-snippet:-1, max-image-preview:large, max-video-preview:-1\" \/>\n<link rel=\"canonical\" href=\"https:\/\/www.miamiskininstitute.com\/es\/fraxel-clear-brilliant\/\" \/>\n<meta property=\"og:locale\" content=\"es_ES\" \/>\n<meta property=\"og:type\" content=\"article\" \/>\n<meta property=\"og:title\" content=\"Fraxel OLD TEMP\u00ae Clear + Brilliant\u00ae -\" \/>\n<meta property=\"og:description\" content=\"Call Us at 305-569-0067! \u00a0 \u00a0 \u00a0 Fraxel\u00ae Clear + Brilliant\u00ae Fractionated Laser Dr. Jegasothy has found a way to [&hellip;]\" \/>\n<meta property=\"og:url\" content=\"https:\/\/www.miamiskininstitute.com\/es\/fraxel-clear-brilliant\/\" \/>\n<meta property=\"article:publisher\" content=\"https:\/\/business.facebook.com\/Miami-Skin-Institute-285632787294\/?business_id=10153432453992295\" \/>\n<meta property=\"article:modified_time\" content=\"2026-03-24T15:43:00+00:00\" \/>\n<meta property=\"og:image\" content=\"https:\/\/i0.wp.com\/www.miamiskininstitute.com\/wp-content\/uploads\/2019\/02\/AdobeStock_107107696-e1549900054627.jpeg?fit=2600%2C974&ssl=1\" \/>\n\t<meta property=\"og:image:width\" content=\"2600\" \/>\n\t<meta property=\"og:image:height\" content=\"974\" \/>\n\t<meta property=\"og:image:type\" content=\"image\/jpeg\" \/>\n<meta name=\"twitter:card\" content=\"summary_large_image\" \/>\n<meta name=\"twitter:site\" content=\"@MiamiSkinIns\" \/>\n<meta name=\"twitter:label1\" content=\"Tiempo de lectura\" \/>\n\t<meta name=\"twitter:data1\" content=\"3 minutos\" \/>\n<script type=\"application\/ld+json\" class=\"yoast-schema-graph\">{\"@context\":\"https:\\\/\\\/schema.org\",\"@graph\":[{\"@type\":[\"WebPage\",\"MedicalWebPage\"],\"@id\":\"https:\\\/\\\/www.miamiskininstitute.com\\\/fraxel-clear-brilliant\",\"url\":\"https:\\\/\\\/www.miamiskininstitute.com\\\/fraxel-clear-brilliant\",\"name\":\"Fraxel OLD TEMP\u00ae Clear + Brilliant\u00ae -\",\"isPartOf\":{\"@id\":\"https:\\\/\\\/www.miamiskininstitute.com\\\/#website\"},\"datePublished\":\"2026-03-24T14:41:54+00:00\",\"dateModified\":\"2026-03-24T15:43:00+00:00\",\"breadcrumb\":{\"@id\":\"https:\\\/\\\/www.miamiskininstitute.com\\\/fraxel-clear-brilliant#breadcrumb\"},\"inLanguage\":\"es-CO\",\"potentialAction\":[{\"@type\":\"ReadAction\",\"target\":[\"https:\\\/\\\/www.miamiskininstitute.com\\\/fraxel-clear-brilliant\"]}]},{\"@type\":\"BreadcrumbList\",\"@id\":\"https:\\\/\\\/www.miamiskininstitute.com\\\/fraxel-clear-brilliant#breadcrumb\",\"itemListElement\":[{\"@type\":\"ListItem\",\"position\":1,\"name\":\"Home\",\"item\":\"https:\\\/\\\/www.miamiskininstitute.com\\\/\"},{\"@type\":\"ListItem\",\"position\":2,\"name\":\"Fraxel OLD TEMP\u00ae Clear + Brilliant\u00ae\"}]},{\"@type\":\"WebSite\",\"@id\":\"https:\\\/\\\/www.miamiskininstitute.com\\\/#website\",\"url\":\"https:\\\/\\\/www.miamiskininstitute.com\\\/\",\"name\":\"\",\"description\":\"Cosmetic Dermatologist\",\"publisher\":{\"@id\":\"https:\\\/\\\/www.miamiskininstitute.com\\\/#organization\"},\"potentialAction\":[{\"@type\":\"SearchAction\",\"target\":{\"@type\":\"EntryPoint\",\"urlTemplate\":\"https:\\\/\\\/www.miamiskininstitute.com\\\/?s={search_term_string}\"},\"query-input\":{\"@type\":\"PropertyValueSpecification\",\"valueRequired\":true,\"valueName\":\"search_term_string\"}}],\"inLanguage\":\"es-CO\"},{\"@type\":\"Organization\",\"@id\":\"https:\\\/\\\/www.miamiskininstitute.com\\\/#organization\",\"name\":\"Miami Skin Institute\",\"url\":\"https:\\\/\\\/www.miamiskininstitute.com\\\/\",\"logo\":{\"@type\":\"ImageObject\",\"inLanguage\":\"es-CO\",\"@id\":\"https:\\\/\\\/www.miamiskininstitute.com\\\/#\\\/schema\\\/logo\\\/image\\\/\",\"url\":\"https:\\\/\\\/miamiskininstitute.com\\\/wp-content\\\/uploads\\\/2017\\\/12\\\/msi-logo-large-transparent-smaller-e1535557693623.png\",\"contentUrl\":\"https:\\\/\\\/miamiskininstitute.com\\\/wp-content\\\/uploads\\\/2017\\\/12\\\/msi-logo-large-transparent-smaller-e1535557693623.png\",\"width\":200,\"height\":116,\"caption\":\"Miami Skin Institute\"},\"image\":{\"@id\":\"https:\\\/\\\/www.miamiskininstitute.com\\\/#\\\/schema\\\/logo\\\/image\\\/\"},\"sameAs\":[\"https:\\\/\\\/business.facebook.com\\\/Miami-Skin-Institute-285632787294\\\/?business_id=10153432453992295\",\"https:\\\/\\\/x.com\\\/MiamiSkinIns\",\"https:\\\/\\\/www.instagram.com\\\/miamiskininstitute\\\/\",\"https:\\\/\\\/www.linkedin.com\\\/in\\\/manjulajegasothymd\\\/\",\"https:\\\/\\\/www.pinterest.com\\\/miamiskinins\",\"https:\\\/\\\/www.youtube.com\\\/channel\\\/UCUciHHfcB3hwvD5LpUB0iog\"]}]}<\/script>\n<!-- \/ Yoast SEO plugin. -->","yoast_head_json":{"title":"Fraxel OLD TEMP\u00ae Clear + Brilliant\u00ae -","robots":{"index":"index","follow":"follow","max-snippet":"max-snippet:-1","max-image-preview":"max-image-preview:large","max-video-preview":"max-video-preview:-1"},"canonical":"https:\/\/www.miamiskininstitute.com\/es\/fraxel-clear-brilliant\/","og_locale":"es_ES","og_type":"article","og_title":"Fraxel OLD TEMP\u00ae Clear + Brilliant\u00ae -","og_description":"Call Us at 305-569-0067! \u00a0 \u00a0 \u00a0 Fraxel\u00ae Clear + Brilliant\u00ae Fractionated Laser Dr. Jegasothy has found a way to [&hellip;]","og_url":"https:\/\/www.miamiskininstitute.com\/es\/fraxel-clear-brilliant\/","article_publisher":"https:\/\/business.facebook.com\/Miami-Skin-Institute-285632787294\/?business_id=10153432453992295","article_modified_time":"2026-03-24T15:43:00+00:00","og_image":[{"width":2600,"height":974,"url":"https:\/\/i0.wp.com\/www.miamiskininstitute.com\/wp-content\/uploads\/2019\/02\/AdobeStock_107107696-e1549900054627.jpeg?fit=2600%2C974&ssl=1","type":"image\/jpeg"}],"twitter_card":"summary_large_image","twitter_site":"@MiamiSkinIns","twitter_misc":{"Tiempo de lectura":"3 minutos"},"schema":{"@context":"https:\/\/schema.org","@graph":[{"@type":["WebPage","MedicalWebPage"],"@id":"https:\/\/www.miamiskininstitute.com\/fraxel-clear-brilliant","url":"https:\/\/www.miamiskininstitute.com\/fraxel-clear-brilliant","name":"Fraxel OLD TEMP\u00ae Clear + Brilliant\u00ae -","isPartOf":{"@id":"https:\/\/www.miamiskininstitute.com\/#website"},"datePublished":"2026-03-24T14:41:54+00:00","dateModified":"2026-03-24T15:43:00+00:00","breadcrumb":{"@id":"https:\/\/www.miamiskininstitute.com\/fraxel-clear-brilliant#breadcrumb"},"inLanguage":"es-CO","potentialAction":[{"@type":"ReadAction","target":["https:\/\/www.miamiskininstitute.com\/fraxel-clear-brilliant"]}]},{"@type":"BreadcrumbList","@id":"https:\/\/www.miamiskininstitute.com\/fraxel-clear-brilliant#breadcrumb","itemListElement":[{"@type":"ListItem","position":1,"name":"Home","item":"https:\/\/www.miamiskininstitute.com\/"},{"@type":"ListItem","position":2,"name":"Fraxel OLD TEMP\u00ae Clear + Brilliant\u00ae"}]},{"@type":"WebSite","@id":"https:\/\/www.miamiskininstitute.com\/#website","url":"https:\/\/www.miamiskininstitute.com\/","name":"","description":"Cosmetic Dermatologist","publisher":{"@id":"https:\/\/www.miamiskininstitute.com\/#organization"},"potentialAction":[{"@type":"SearchAction","target":{"@type":"EntryPoint","urlTemplate":"https:\/\/www.miamiskininstitute.com\/?s={search_term_string}"},"query-input":{"@type":"PropertyValueSpecification","valueRequired":true,"valueName":"search_term_string"}}],"inLanguage":"es-CO"},{"@type":"Organization","@id":"https:\/\/www.miamiskininstitute.com\/#organization","name":"Miami Skin Institute","url":"https:\/\/www.miamiskininstitute.com\/","logo":{"@type":"ImageObject","inLanguage":"es-CO","@id":"https:\/\/www.miamiskininstitute.com\/#\/schema\/logo\/image\/","url":"https:\/\/miamiskininstitute.com\/wp-content\/uploads\/2017\/12\/msi-logo-large-transparent-smaller-e1535557693623.png","contentUrl":"https:\/\/miamiskininstitute.com\/wp-content\/uploads\/2017\/12\/msi-logo-large-transparent-smaller-e1535557693623.png","width":200,"height":116,"caption":"Miami Skin Institute"},"image":{"@id":"https:\/\/www.miamiskininstitute.com\/#\/schema\/logo\/image\/"},"sameAs":["https:\/\/business.facebook.com\/Miami-Skin-Institute-285632787294\/?business_id=10153432453992295","https:\/\/x.com\/MiamiSkinIns","https:\/\/www.instagram.com\/miamiskininstitute\/","https:\/\/www.linkedin.com\/in\/manjulajegasothymd\/","https:\/\/www.pinterest.com\/miamiskinins","https:\/\/www.youtube.com\/channel\/UCUciHHfcB3hwvD5LpUB0iog"]}]}},"jetpack_sharing_enabled":true,"_links":{"self":[{"href":"https:\/\/www.miamiskininstitute.com\/es\/wp-json\/wp\/v2\/pages\/3720","targetHints":{"allow":["GET"]}}],"collection":[{"href":"https:\/\/www.miamiskininstitute.com\/es\/wp-json\/wp\/v2\/pages"}],"about":[{"href":"https:\/\/www.miamiskininstitute.com\/es\/wp-json\/wp\/v2\/types\/page"}],"author":[{"embeddable":true,"href":"https:\/\/www.miamiskininstitute.com\/es\/wp-json\/wp\/v2\/users\/1"}],"replies":[{"embeddable":true,"href":"https:\/\/www.miamiskininstitute.com\/es\/wp-json\/wp\/v2\/comments?post=3720"}],"version-history":[{"count":0,"href":"https:\/\/www.miamiskininstitute.com\/es\/wp-json\/wp\/v2\/pages\/3720\/revisions"}],"wp:attachment":[{"href":"https:\/\/www.miamiskininstitute.com\/es\/wp-json\/wp\/v2\/media?parent=3720"}],"curies":[{"name":"wp","href":"https:\/\/api.w.org\/{rel}","templated":true}]}}