{"id":3695,"date":"2026-03-24T12:39:00","date_gmt":"2026-03-24T12:39:00","guid":{"rendered":"https:\/\/www.miamiskininstitute.com\/?page_id=3695"},"modified":"2026-04-07T16:01:44","modified_gmt":"2026-04-07T16:01:44","slug":"viora-reaction-laser","status":"publish","type":"page","link":"https:\/\/www.miamiskininstitute.com\/es\/viora-reaction-laser","title":{"rendered":"Viora Reaction\u2122 Laser"},"content":{"rendered":"<div data-elementor-type=\"wp-page\" data-elementor-id=\"3695\" class=\"elementor elementor-3695\">\n\t\t\t\t<div class=\"elementor-element elementor-element-31288f7 e-flex e-con-boxed e-con e-parent\" data-id=\"31288f7\" data-element_type=\"container\">\n\t\t\t\t\t<div class=\"e-con-inner\">\n\t\t\t\t<div class=\"elementor-element elementor-element-47d6f27 elementor-widget__width-initial elementor-widget elementor-widget-heading\" data-id=\"47d6f27\" data-element_type=\"widget\" data-widget_type=\"heading.default\">\n\t\t\t\t\t<h2 class=\"elementor-heading-title elementor-size-default\">Reafirmaci\u00f3n de la piel con l\u00e1ser de radiofrecuencia Viora\u00ae<\/h2>\t\t\t\t<\/div>\n\t\t\t\t\t<\/div>\n\t\t\t\t<\/div>\n\t\t<div class=\"elementor-element elementor-element-b9e27e5 e-flex e-con-boxed e-con e-parent\" data-id=\"b9e27e5\" data-element_type=\"container\">\n\t\t\t\t\t<div class=\"e-con-inner\">\n\t\t\t\t<div class=\"elementor-element elementor-element-56f81da elementor-widget elementor-widget-button\" data-id=\"56f81da\" data-element_type=\"widget\" data-widget_type=\"button.default\">\n\t\t\t\t\t\t\t\t\t\t<a class=\"elementor-button elementor-button-link elementor-size-sm\" href=\"tel:+13055690067\">\n\t\t\t\t\t\t<span class=\"elementor-button-content-wrapper\">\n\t\t\t\t\t\t\t\t\t<span class=\"elementor-button-text\">Call Us at 305-569-0067<\/span>\n\t\t\t\t\t<\/span>\n\t\t\t\t\t<\/a>\n\t\t\t\t\t\t\t\t<\/div>\n\t\t\t\t\t<\/div>\n\t\t\t\t<\/div>\n\t\t<div class=\"elementor-element elementor-element-92041fc e-grid e-con-boxed e-con e-parent\" data-id=\"92041fc\" data-element_type=\"container\">\n\t\t\t\t\t<div class=\"e-con-inner\">\n\t\t<div class=\"elementor-element elementor-element-e60b2cd e-con-full e-flex e-con e-child\" data-id=\"e60b2cd\" data-element_type=\"container\">\n\t\t\t\t<div class=\"elementor-element elementor-element-cd706ab elementor-widget__width-initial elementor-widget elementor-widget-text-editor\" data-id=\"cd706ab\" data-element_type=\"widget\" data-widget_type=\"text-editor.default\">\n\t\t\t\t\t\t\t\t\t<p>Es tu<a href=\"https:\/\/www.miamiskininstitute.com\/es\/botox-cosmetic-jeuveau-dysport\/\">\u00a0Botox cosm\u00e9tico<sup>\u00ae<\/sup><\/a>\u00a0\u00bfTu piel ya no se mantiene firme como antes, debido a la flacidez alrededor de tus ojos y frente? \u00bfFlacidez en los p\u00e1rpados, cuello, brazos superiores, abdomen, codos, manos, muslos o rodillas? \u00bfNotas manchas en las manos y menor elasticidad en los nudillos, haci\u00e9ndolas lucir m\u00e1s envejecidas? El Viora de la Dra. Jegasothy<sup>\u00ae<\/sup>\u00a0de radiofrecuencia trata todos estos problemas. La Dra. Jegasothy ha perfeccionado protocolos indoloros y efectivos con su Viora<sup>\u00ae<\/sup>\u00a0l\u00e1ser de radiofrecuencia que tensa la piel \u201cfl\u00e1cida\u201d de tu rostro y cuerpo sin cirug\u00eda ni cicatrices.<\/p><h3 id=\"what-to-expect\">\u00bfQu\u00e9 esperar?<\/h3><p>El\u00a0<a href=\"https:\/\/www.vioramed.com\/\">Viora<sup>\u00ae<\/sup>\u00a0l\u00e1ser de radiofrecuencia\u00a0<\/a>maximiza la segura y \u00fatil longitud de onda \u201cradio\u201d de electricidad, conocida desde hace un siglo, en un haz enfocado para tensar las capas superficiales y profundas de la piel, as\u00ed como las capas superficiales de la grasa subcut\u00e1nea.<\/p><p>El tratamiento provoca un dolor m\u00ednimo, requiriendo \u00fanicamente crema anest\u00e9sica. El tiempo de recuperaci\u00f3n tambi\u00e9n es breve, con un d\u00eda de enrojecimiento leve y dos d\u00edas de hinchaz\u00f3n ligera en las \u00e1reas tratadas. Los resultados individuales var\u00edan ampliamente seg\u00fan la edad, el peso, la gen\u00e9tica y otros factores, pero esta tecnolog\u00eda es definitivamente la tendencia anti-envejecimiento del futuro.<\/p>\t\t\t\t\t\t\t\t<\/div>\n\t\t\t\t<\/div>\n\t\t<div class=\"elementor-element elementor-element-4eed99a e-con-full e-flex e-con e-child\" data-id=\"4eed99a\" data-element_type=\"container\">\n\t\t\t\t<div class=\"elementor-element elementor-element-84c3f56 elementor-widget elementor-widget-text-editor\" data-id=\"84c3f56\" data-element_type=\"widget\" data-widget_type=\"text-editor.default\">\n\t\t\t\t\t\t\t\t\t<p><div id=\"twenty20-1\" class=\"twenty20\" style=\"width: 100% !important; clear: both;\"><div class=\"twentytwenty-container twenty20-1\"><img data-recalc-dims=\"1\" decoding=\"async\" src=\"https:\/\/i0.wp.com\/www.miamiskininstitute.com\/wp-content\/uploads\/2022\/02\/Pre-Viora-Buttocks-2-e1644358407270.jpg?ssl=1\" alt=\"Pre Viora Buttocks\" \/><img data-recalc-dims=\"1\" decoding=\"async\" src=\"https:\/\/i0.wp.com\/www.miamiskininstitute.com\/wp-content\/uploads\/2022\/02\/Post-Viora-Buttocks-2-e1644358402613.png?ssl=1\" alt=\"Post Viora Buttocks\" \/><\/div><\/div><\/p>\t\t\t\t\t\t\t\t<\/div>\n\t\t\t\t<div class=\"elementor-element elementor-element-dea5da3 elementor-widget elementor-widget-text-editor\" data-id=\"dea5da3\" data-element_type=\"widget\" data-widget_type=\"text-editor.default\">\n\t\t\t\t\t\t\t\t\t<div class=\"wp-block-column\">\n<div class=\"procedure-page-images\"><div id=\"twenty20-2\" class=\"twenty20\" style=\"width: 100% !important; clear: both;\"><div class=\"twentytwenty-container twenty20-2\"><img data-recalc-dims=\"1\" decoding=\"async\" src=\"https:\/\/i0.wp.com\/www.miamiskininstitute.com\/wp-content\/uploads\/2022\/02\/Pre-Viora-Hands.jpg?ssl=1\" alt=\"Before image\" \/><img data-recalc-dims=\"1\" decoding=\"async\" src=\"https:\/\/i0.wp.com\/www.miamiskininstitute.com\/wp-content\/uploads\/2022\/02\/Post-Viora-Hands.jpg?ssl=1\" alt=\"After image\" \/><\/div><\/div><\/div>\n<\/div>\t\t\t\t\t\t\t\t<\/div>\n\t\t\t\t<\/div>\n\t\t\t\t\t<\/div>\n\t\t\t\t<\/div>\n\t\t<div class=\"elementor-element elementor-element-bd5b874 e-flex e-con-boxed e-con e-parent\" data-id=\"bd5b874\" data-element_type=\"container\">\n\t\t\t\t\t<div class=\"e-con-inner\">\n\t\t\t\t<div class=\"elementor-element elementor-element-dddda31 elementor-widget__width-initial elementor-widget elementor-widget-text-editor\" data-id=\"dddda31\" data-element_type=\"widget\" data-widget_type=\"text-editor.default\">\n\t\t\t\t\t\t\t\t\t<p>Dado que la cantidad de energ\u00eda (electricidad) y la profundidad de penetraci\u00f3n son altamente ajustables con el Viora<sup>\u00ae<\/sup>\u00a0y otros l\u00e1seres de radiofrecuencia, es crucial consultar a la Dra. Jegasothy para obtener una mejor estimaci\u00f3n de la frecuencia y el mantenimiento de tu tratamiento individual, as\u00ed que pregunta si el Viora<sup>\u00ae<\/sup>\u00a0l\u00e1ser te ayudar\u00e1 en tu\u00a0<a href=\"tel:3055690067\">pr\u00f3xima visita con nosotros.<\/a><\/p>\t\t\t\t\t\t\t\t<\/div>\n\t\t\t\t\t<\/div>\n\t\t\t\t<\/div>\n\t\t<div class=\"elementor-element elementor-element-7b6b24b e-flex e-con-boxed e-con e-parent\" data-id=\"7b6b24b\" data-element_type=\"container\">\n\t\t\t\t\t<div class=\"e-con-inner\">\n\t\t\t\t<div class=\"elementor-element elementor-element-6be611f elementor-widget elementor-widget-button\" data-id=\"6be611f\" data-element_type=\"widget\" data-widget_type=\"button.default\">\n\t\t\t\t\t\t\t\t\t\t<a class=\"elementor-button elementor-button-link elementor-size-sm\" href=\"tel:+13055690067\">\n\t\t\t\t\t\t<span class=\"elementor-button-content-wrapper\">\n\t\t\t\t\t\t\t\t\t<span class=\"elementor-button-text\">Call Us at 305-569-0067<\/span>\n\t\t\t\t\t<\/span>\n\t\t\t\t\t<\/a>\n\t\t\t\t\t\t\t\t<\/div>\n\t\t\t\t\t<\/div>\n\t\t\t\t<\/div>\n\t\t<div class=\"elementor-element elementor-element-7b52bc6 e-flex e-con-boxed e-con e-parent\" data-id=\"7b52bc6\" data-element_type=\"container\">\n\t\t\t\t\t<div class=\"e-con-inner\">\n\t\t\t\t\t<\/div>\n\t\t\t\t<\/div>\n\t\t\t\t<\/div>","protected":false},"excerpt":{"rendered":"<p>Viora\u00ae Radiofrequency Laser Skin Tightening Call Us at 305-569-0067 Is your\u00a0Botox Cosmetic\u00ae\u00a0not lasting as long as it used to, due [&hellip;]<\/p>","protected":false},"author":1,"featured_media":0,"parent":0,"menu_order":0,"comment_status":"closed","ping_status":"closed","template":"","meta":{"site-sidebar-layout":"default","site-content-layout":"","ast-site-content-layout":"default","site-content-style":"default","site-sidebar-style":"default","ast-global-header-display":"","ast-banner-title-visibility":"","ast-main-header-display":"","ast-hfb-above-header-display":"","ast-hfb-below-header-display":"","ast-hfb-mobile-header-display":"","site-post-title":"","ast-breadcrumbs-content":"","ast-featured-img":"","footer-sml-layout":"","theme-transparent-header-meta":"","adv-header-id-meta":"","stick-header-meta":"","header-above-stick-meta":"","header-main-stick-meta":"","header-below-stick-meta":"","astra-migrate-meta-layouts":"default","ast-page-background-enabled":"default","ast-page-background-meta":{"desktop":{"background-color":"var(--ast-global-color-5)","background-image":"","background-repeat":"repeat","background-position":"center center","background-size":"auto","background-attachment":"scroll","background-type":"","background-media":"","overlay-type":"","overlay-color":"","overlay-opacity":"","overlay-gradient":""},"tablet":{"background-color":"","background-image":"","background-repeat":"repeat","background-position":"center center","background-size":"auto","background-attachment":"scroll","background-type":"","background-media":"","overlay-type":"","overlay-color":"","overlay-opacity":"","overlay-gradient":""},"mobile":{"background-color":"","background-image":"","background-repeat":"repeat","background-position":"center center","background-size":"auto","background-attachment":"scroll","background-type":"","background-media":"","overlay-type":"","overlay-color":"","overlay-opacity":"","overlay-gradient":""}},"ast-content-background-meta":{"desktop":{"background-color":"var(--ast-global-color-4)","background-image":"","background-repeat":"repeat","background-position":"center center","background-size":"auto","background-attachment":"scroll","background-type":"","background-media":"","overlay-type":"","overlay-color":"","overlay-opacity":"","overlay-gradient":""},"tablet":{"background-color":"var(--ast-global-color-4)","background-image":"","background-repeat":"repeat","background-position":"center center","background-size":"auto","background-attachment":"scroll","background-type":"","background-media":"","overlay-type":"","overlay-color":"","overlay-opacity":"","overlay-gradient":""},"mobile":{"background-color":"var(--ast-global-color-4)","background-image":"","background-repeat":"repeat","background-position":"center center","background-size":"auto","background-attachment":"scroll","background-type":"","background-media":"","overlay-type":"","overlay-color":"","overlay-opacity":"","overlay-gradient":""}},"footnotes":""},"class_list":["post-3695","page","type-page","status-publish","hentry"],"yoast_head":"<!-- This site is optimized with the Yoast SEO plugin v27.5 - https:\/\/yoast.com\/product\/yoast-seo-wordpress\/ -->\n<title>Viora Reaction\u2122 Laser -<\/title>\n<meta name=\"robots\" content=\"index, follow, max-snippet:-1, max-image-preview:large, max-video-preview:-1\" \/>\n<link rel=\"canonical\" href=\"https:\/\/www.miamiskininstitute.com\/es\/viora-reaction-laser\/\" \/>\n<meta property=\"og:locale\" content=\"es_ES\" \/>\n<meta property=\"og:type\" content=\"article\" \/>\n<meta property=\"og:title\" content=\"Viora Reaction\u2122 Laser -\" \/>\n<meta property=\"og:description\" content=\"Viora\u00ae Radiofrequency Laser Skin Tightening Call Us at 305-569-0067 Is your\u00a0Botox Cosmetic\u00ae\u00a0not lasting as long as it used to, due [&hellip;]\" \/>\n<meta property=\"og:url\" content=\"https:\/\/www.miamiskininstitute.com\/es\/viora-reaction-laser\/\" \/>\n<meta property=\"article:publisher\" content=\"https:\/\/business.facebook.com\/Miami-Skin-Institute-285632787294\/?business_id=10153432453992295\" \/>\n<meta property=\"article:modified_time\" content=\"2026-04-07T16:01:44+00:00\" \/>\n<meta property=\"og:image\" content=\"https:\/\/i0.wp.com\/www.miamiskininstitute.com\/wp-content\/uploads\/2019\/02\/AdobeStock_107107696-e1549900054627.jpeg?fit=2600%2C974&ssl=1\" \/>\n\t<meta property=\"og:image:width\" content=\"2600\" \/>\n\t<meta property=\"og:image:height\" content=\"974\" \/>\n\t<meta property=\"og:image:type\" content=\"image\/jpeg\" \/>\n<meta name=\"twitter:card\" content=\"summary_large_image\" \/>\n<meta name=\"twitter:site\" content=\"@MiamiSkinIns\" \/>\n<meta name=\"twitter:label1\" content=\"Tiempo de lectura\" \/>\n\t<meta name=\"twitter:data1\" content=\"2 minutos\" \/>\n<script type=\"application\/ld+json\" class=\"yoast-schema-graph\">{\"@context\":\"https:\\\/\\\/schema.org\",\"@graph\":[{\"@type\":[\"WebPage\",\"MedicalWebPage\"],\"@id\":\"https:\\\/\\\/www.miamiskininstitute.com\\\/viora-reaction-laser\",\"url\":\"https:\\\/\\\/www.miamiskininstitute.com\\\/viora-reaction-laser\",\"name\":\"Viora Reaction\u2122 Laser -\",\"isPartOf\":{\"@id\":\"https:\\\/\\\/www.miamiskininstitute.com\\\/#website\"},\"datePublished\":\"2026-03-24T12:39:00+00:00\",\"dateModified\":\"2026-04-07T16:01:44+00:00\",\"breadcrumb\":{\"@id\":\"https:\\\/\\\/www.miamiskininstitute.com\\\/viora-reaction-laser#breadcrumb\"},\"inLanguage\":\"es-CO\",\"potentialAction\":[{\"@type\":\"ReadAction\",\"target\":[\"https:\\\/\\\/www.miamiskininstitute.com\\\/viora-reaction-laser\"]}]},{\"@type\":\"BreadcrumbList\",\"@id\":\"https:\\\/\\\/www.miamiskininstitute.com\\\/viora-reaction-laser#breadcrumb\",\"itemListElement\":[{\"@type\":\"ListItem\",\"position\":1,\"name\":\"Home\",\"item\":\"https:\\\/\\\/www.miamiskininstitute.com\\\/\"},{\"@type\":\"ListItem\",\"position\":2,\"name\":\"Viora Reaction\u2122 Laser\"}]},{\"@type\":\"WebSite\",\"@id\":\"https:\\\/\\\/www.miamiskininstitute.com\\\/#website\",\"url\":\"https:\\\/\\\/www.miamiskininstitute.com\\\/\",\"name\":\"\",\"description\":\"Cosmetic Dermatologist\",\"publisher\":{\"@id\":\"https:\\\/\\\/www.miamiskininstitute.com\\\/#organization\"},\"potentialAction\":[{\"@type\":\"SearchAction\",\"target\":{\"@type\":\"EntryPoint\",\"urlTemplate\":\"https:\\\/\\\/www.miamiskininstitute.com\\\/?s={search_term_string}\"},\"query-input\":{\"@type\":\"PropertyValueSpecification\",\"valueRequired\":true,\"valueName\":\"search_term_string\"}}],\"inLanguage\":\"es-CO\"},{\"@type\":\"Organization\",\"@id\":\"https:\\\/\\\/www.miamiskininstitute.com\\\/#organization\",\"name\":\"Miami Skin Institute\",\"url\":\"https:\\\/\\\/www.miamiskininstitute.com\\\/\",\"logo\":{\"@type\":\"ImageObject\",\"inLanguage\":\"es-CO\",\"@id\":\"https:\\\/\\\/www.miamiskininstitute.com\\\/#\\\/schema\\\/logo\\\/image\\\/\",\"url\":\"https:\\\/\\\/miamiskininstitute.com\\\/wp-content\\\/uploads\\\/2017\\\/12\\\/msi-logo-large-transparent-smaller-e1535557693623.png\",\"contentUrl\":\"https:\\\/\\\/miamiskininstitute.com\\\/wp-content\\\/uploads\\\/2017\\\/12\\\/msi-logo-large-transparent-smaller-e1535557693623.png\",\"width\":200,\"height\":116,\"caption\":\"Miami Skin Institute\"},\"image\":{\"@id\":\"https:\\\/\\\/www.miamiskininstitute.com\\\/#\\\/schema\\\/logo\\\/image\\\/\"},\"sameAs\":[\"https:\\\/\\\/business.facebook.com\\\/Miami-Skin-Institute-285632787294\\\/?business_id=10153432453992295\",\"https:\\\/\\\/x.com\\\/MiamiSkinIns\",\"https:\\\/\\\/www.instagram.com\\\/miamiskininstitute\\\/\",\"https:\\\/\\\/www.linkedin.com\\\/in\\\/manjulajegasothymd\\\/\",\"https:\\\/\\\/www.pinterest.com\\\/miamiskinins\",\"https:\\\/\\\/www.youtube.com\\\/channel\\\/UCUciHHfcB3hwvD5LpUB0iog\"]}]}<\/script>\n<!-- \/ Yoast SEO plugin. -->","yoast_head_json":{"title":"Viora Reaction\u2122 Laser -","robots":{"index":"index","follow":"follow","max-snippet":"max-snippet:-1","max-image-preview":"max-image-preview:large","max-video-preview":"max-video-preview:-1"},"canonical":"https:\/\/www.miamiskininstitute.com\/es\/viora-reaction-laser\/","og_locale":"es_ES","og_type":"article","og_title":"Viora Reaction\u2122 Laser -","og_description":"Viora\u00ae Radiofrequency Laser Skin Tightening Call Us at 305-569-0067 Is your\u00a0Botox Cosmetic\u00ae\u00a0not lasting as long as it used to, due [&hellip;]","og_url":"https:\/\/www.miamiskininstitute.com\/es\/viora-reaction-laser\/","article_publisher":"https:\/\/business.facebook.com\/Miami-Skin-Institute-285632787294\/?business_id=10153432453992295","article_modified_time":"2026-04-07T16:01:44+00:00","og_image":[{"width":2600,"height":974,"url":"https:\/\/i0.wp.com\/www.miamiskininstitute.com\/wp-content\/uploads\/2019\/02\/AdobeStock_107107696-e1549900054627.jpeg?fit=2600%2C974&ssl=1","type":"image\/jpeg"}],"twitter_card":"summary_large_image","twitter_site":"@MiamiSkinIns","twitter_misc":{"Tiempo de lectura":"2 minutos"},"schema":{"@context":"https:\/\/schema.org","@graph":[{"@type":["WebPage","MedicalWebPage"],"@id":"https:\/\/www.miamiskininstitute.com\/viora-reaction-laser","url":"https:\/\/www.miamiskininstitute.com\/viora-reaction-laser","name":"Viora Reaction\u2122 Laser -","isPartOf":{"@id":"https:\/\/www.miamiskininstitute.com\/#website"},"datePublished":"2026-03-24T12:39:00+00:00","dateModified":"2026-04-07T16:01:44+00:00","breadcrumb":{"@id":"https:\/\/www.miamiskininstitute.com\/viora-reaction-laser#breadcrumb"},"inLanguage":"es-CO","potentialAction":[{"@type":"ReadAction","target":["https:\/\/www.miamiskininstitute.com\/viora-reaction-laser"]}]},{"@type":"BreadcrumbList","@id":"https:\/\/www.miamiskininstitute.com\/viora-reaction-laser#breadcrumb","itemListElement":[{"@type":"ListItem","position":1,"name":"Home","item":"https:\/\/www.miamiskininstitute.com\/"},{"@type":"ListItem","position":2,"name":"Viora Reaction\u2122 Laser"}]},{"@type":"WebSite","@id":"https:\/\/www.miamiskininstitute.com\/#website","url":"https:\/\/www.miamiskininstitute.com\/","name":"","description":"Cosmetic Dermatologist","publisher":{"@id":"https:\/\/www.miamiskininstitute.com\/#organization"},"potentialAction":[{"@type":"SearchAction","target":{"@type":"EntryPoint","urlTemplate":"https:\/\/www.miamiskininstitute.com\/?s={search_term_string}"},"query-input":{"@type":"PropertyValueSpecification","valueRequired":true,"valueName":"search_term_string"}}],"inLanguage":"es-CO"},{"@type":"Organization","@id":"https:\/\/www.miamiskininstitute.com\/#organization","name":"Miami Skin Institute","url":"https:\/\/www.miamiskininstitute.com\/","logo":{"@type":"ImageObject","inLanguage":"es-CO","@id":"https:\/\/www.miamiskininstitute.com\/#\/schema\/logo\/image\/","url":"https:\/\/miamiskininstitute.com\/wp-content\/uploads\/2017\/12\/msi-logo-large-transparent-smaller-e1535557693623.png","contentUrl":"https:\/\/miamiskininstitute.com\/wp-content\/uploads\/2017\/12\/msi-logo-large-transparent-smaller-e1535557693623.png","width":200,"height":116,"caption":"Miami Skin Institute"},"image":{"@id":"https:\/\/www.miamiskininstitute.com\/#\/schema\/logo\/image\/"},"sameAs":["https:\/\/business.facebook.com\/Miami-Skin-Institute-285632787294\/?business_id=10153432453992295","https:\/\/x.com\/MiamiSkinIns","https:\/\/www.instagram.com\/miamiskininstitute\/","https:\/\/www.linkedin.com\/in\/manjulajegasothymd\/","https:\/\/www.pinterest.com\/miamiskinins","https:\/\/www.youtube.com\/channel\/UCUciHHfcB3hwvD5LpUB0iog"]}]}},"jetpack_sharing_enabled":true,"_links":{"self":[{"href":"https:\/\/www.miamiskininstitute.com\/es\/wp-json\/wp\/v2\/pages\/3695","targetHints":{"allow":["GET"]}}],"collection":[{"href":"https:\/\/www.miamiskininstitute.com\/es\/wp-json\/wp\/v2\/pages"}],"about":[{"href":"https:\/\/www.miamiskininstitute.com\/es\/wp-json\/wp\/v2\/types\/page"}],"author":[{"embeddable":true,"href":"https:\/\/www.miamiskininstitute.com\/es\/wp-json\/wp\/v2\/users\/1"}],"replies":[{"embeddable":true,"href":"https:\/\/www.miamiskininstitute.com\/es\/wp-json\/wp\/v2\/comments?post=3695"}],"version-history":[{"count":0,"href":"https:\/\/www.miamiskininstitute.com\/es\/wp-json\/wp\/v2\/pages\/3695\/revisions"}],"wp:attachment":[{"href":"https:\/\/www.miamiskininstitute.com\/es\/wp-json\/wp\/v2\/media?parent=3695"}],"curies":[{"name":"wp","href":"https:\/\/api.w.org\/{rel}","templated":true}]}}